{"id":2675,"date":"2025-03-27T17:02:56","date_gmt":"2025-03-27T17:02:56","guid":{"rendered":"https:\/\/torellicoffee.com\/?page_id=2675"},"modified":"2025-04-26T13:19:17","modified_gmt":"2025-04-26T13:19:17","slug":"carisma","status":"publish","type":"page","link":"https:\/\/torellicoffee.com\/pl\/caffe-vivo\/carisma\/","title":{"rendered":"Carisma"},"content":{"rendered":"<div data-elementor-type=\"wp-page\" data-elementor-id=\"2675\" class=\"elementor elementor-2675\" data-elementor-post-type=\"page\">\n\t\t\t\t<div class=\"elementor-element elementor-element-d27bf58 e-flex e-con-boxed e-con e-parent\" data-id=\"d27bf58\" data-element_type=\"container\" data-e-type=\"container\">\n\t\t\t\t\t<div class=\"e-con-inner\">\n\t\t\t\t<div class=\"elementor-element elementor-element-89a9e25 elementor-widget elementor-widget-spacer\" data-id=\"89a9e25\" data-element_type=\"widget\" data-e-type=\"widget\" data-widget_type=\"spacer.default\">\n\t\t\t\t<div class=\"elementor-widget-container\">\n\t\t\t\t\t\t\t<div class=\"elementor-spacer\">\n\t\t\t<div class=\"elementor-spacer-inner\"><\/div>\n\t\t<\/div>\n\t\t\t\t\t\t<\/div>\n\t\t\t\t<\/div>\n\t\t\t\t\t<\/div>\n\t\t\t\t<\/div>\n\t\t<div class=\"elementor-element elementor-element-54bca99 e-flex e-con-boxed e-con e-parent\" data-id=\"54bca99\" data-element_type=\"container\" data-e-type=\"container\">\n\t\t\t\t\t<div class=\"e-con-inner\">\n\t\t<div class=\"elementor-element elementor-element-60401027 e-con-full e-flex e-con e-child\" data-id=\"60401027\" data-element_type=\"container\" data-e-type=\"container\">\n\t\t\t\t<div class=\"elementor-element elementor-element-3523c1c0 elementor-widget elementor-widget-text-editor\" data-id=\"3523c1c0\" data-element_type=\"widget\" data-e-type=\"widget\" data-widget_type=\"text-editor.default\">\n\t\t\t\t<div class=\"elementor-widget-container\">\n\t\t\t\t\t\t\t\t\t<h1>CARISMA<strong data-start=\"222\" data-end=\"238\"><br \/><\/strong><\/h1>\t\t\t\t\t\t\t\t<\/div>\n\t\t\t\t<\/div>\n\t\t\t\t<div class=\"elementor-element elementor-element-3b63bd75 elementor-widget elementor-widget-text-editor\" data-id=\"3b63bd75\" data-element_type=\"widget\" data-e-type=\"widget\" data-widget_type=\"text-editor.default\">\n\t\t\t\t<div class=\"elementor-widget-container\">\n\t\t\t\t\t\t\t\t\t<h4 data-start=\"218\" data-end=\"240\"><strong>COFFEE BEANS<\/strong><\/h4>\t\t\t\t\t\t\t\t<\/div>\n\t\t\t\t<\/div>\n\t\t\t\t<div class=\"elementor-element elementor-element-d0cc69c elementor-widget elementor-widget-text-editor\" data-id=\"d0cc69c\" data-element_type=\"widget\" data-e-type=\"widget\" data-widget_type=\"text-editor.default\">\n\t\t\t\t<div class=\"elementor-widget-container\">\n\t\t\t\t\t\t\t\t\t<p data-start=\"241\" data-end=\"312\"><strong><a href=\"#pinf\">500g \u212e EAN-5060411340404<\/a><br \/><a href=\"#pinf\">1000g \u212e EAN-5060411340268<\/a><br \/>(See front of pack)<\/strong><\/p>\t\t\t\t\t\t\t\t<\/div>\n\t\t\t\t<\/div>\n\t\t\t\t<div class=\"elementor-element elementor-element-22620c52 elementor-widget elementor-widget-text-editor\" data-id=\"22620c52\" data-element_type=\"widget\" data-e-type=\"widget\" data-widget_type=\"text-editor.default\">\n\t\t\t\t<div class=\"elementor-widget-container\">\n\t\t\t\t\t\t\t\t\t<h4 data-start=\"218\" data-end=\"240\"><strong data-start=\"222\" data-end=\"238\"><em>CREMA INTENSA<\/em><\/strong><\/h4>\t\t\t\t\t\t\t\t<\/div>\n\t\t\t\t<\/div>\n\t\t\t\t<div class=\"elementor-element elementor-element-4ac1d0e elementor-widget elementor-widget-text-editor\" data-id=\"4ac1d0e\" data-element_type=\"widget\" data-e-type=\"widget\" data-widget_type=\"text-editor.default\">\n\t\t\t\t<div class=\"elementor-widget-container\">\n\t\t\t\t\t\t\t\t\t<p class=\"\" data-start=\"241\" data-end=\"312\">Rrich body, sweet notes.<\/p>\t\t\t\t\t\t\t\t<\/div>\n\t\t\t\t<\/div>\n\t\t\t\t<div class=\"elementor-element elementor-element-5a49f1c3 elementor-widget elementor-widget-progress\" data-id=\"5a49f1c3\" data-element_type=\"widget\" data-e-type=\"widget\" data-widget_type=\"progress.default\">\n\t\t\t\t<div class=\"elementor-widget-container\">\n\t\t\t\t\t\t\t\t<span class=\"elementor-title\" id=\"elementor-progress-bar-5a49f1c3\">\n\t\t\t\tROBUSTA\t\t\t<\/span>\n\t\t\n\t\t<div aria-labelledby=\"elementor-progress-bar-5a49f1c3\" class=\"elementor-progress-wrapper\" role=\"progressbar\" aria-valuemin=\"0\" aria-valuemax=\"100\" aria-valuenow=\"100\">\n\t\t\t<div class=\"elementor-progress-bar\" data-max=\"100\">\n\t\t\t\t<span class=\"elementor-progress-text\"><\/span>\n\t\t\t\t\t\t\t\t\t<span class=\"elementor-progress-percentage\">100%<\/span>\n\t\t\t\t\t\t\t<\/div>\n\t\t<\/div>\n\t\t\t\t\t\t<\/div>\n\t\t\t\t<\/div>\n\t\t\t\t<div class=\"elementor-element elementor-element-7879fb57 elementor-widget elementor-widget-progress\" data-id=\"7879fb57\" data-element_type=\"widget\" data-e-type=\"widget\" data-widget_type=\"progress.default\">\n\t\t\t\t<div class=\"elementor-widget-container\">\n\t\t\t\t\t\t\t\t<span class=\"elementor-title\" id=\"elementor-progress-bar-7879fb57\">\n\t\t\t\tStrength\t\t\t<\/span>\n\t\t\n\t\t<div aria-labelledby=\"elementor-progress-bar-7879fb57\" class=\"elementor-progress-wrapper\" role=\"progressbar\" aria-valuemin=\"0\" aria-valuemax=\"100\" aria-valuenow=\"90\" aria-valuetext=\"90% (9\/10)\">\n\t\t\t<div class=\"elementor-progress-bar\" data-max=\"90\">\n\t\t\t\t<span class=\"elementor-progress-text\">9\/10<\/span>\n\t\t\t\t\t\t\t<\/div>\n\t\t<\/div>\n\t\t\t\t\t\t<\/div>\n\t\t\t\t<\/div>\n\t\t\t\t<div class=\"elementor-element elementor-element-12798a78 elementor-widget-divider--view-line elementor-widget elementor-widget-divider\" data-id=\"12798a78\" data-element_type=\"widget\" data-e-type=\"widget\" data-widget_type=\"divider.default\">\n\t\t\t\t<div class=\"elementor-widget-container\">\n\t\t\t\t\t\t\t<div class=\"elementor-divider\">\n\t\t\t<span class=\"elementor-divider-separator\">\n\t\t\t\t\t\t<\/span>\n\t\t<\/div>\n\t\t\t\t\t\t<\/div>\n\t\t\t\t<\/div>\n\t\t\t\t<div class=\"elementor-element elementor-element-43abcc86 elementor-widget elementor-widget-text-editor\" data-id=\"43abcc86\" data-element_type=\"widget\" data-e-type=\"widget\" data-no-translation=\"\" data-widget_type=\"text-editor.default\">\n\t\t\t\t<div class=\"elementor-widget-container\">\n\t\t\t\t\t<style>.elementor-element-43abcc86{display:none !important}<\/style>\t\t\t\t<\/div>\n\t\t\t\t<\/div>\n\t\t\t\t<\/div>\n\t\t<div class=\"elementor-element elementor-element-57a11eea e-con-full e-flex e-con e-child\" data-id=\"57a11eea\" data-element_type=\"container\" data-e-type=\"container\">\n\t\t\t\t<div class=\"elementor-element elementor-element-10da9bc8 elementor-widget elementor-widget-image\" data-id=\"10da9bc8\" data-element_type=\"widget\" data-e-type=\"widget\" data-widget_type=\"image.default\">\n\t\t\t\t<div class=\"elementor-widget-container\">\n\t\t\t\t\t\t\t\t\t\t\t\t\t\t\t<img fetchpriority=\"high\" decoding=\"async\" width=\"1024\" height=\"1012\" src=\"https:\/\/torellicoffee.com\/wp-content\/uploads\/2025\/04\/Carisma-1kg-Bag-Mockup-scaled-e1745506278968-1024x1012.jpg\" class=\"attachment-large size-large wp-image-2835\" alt=\"Torelli Coffee Beans Carisma\" srcset=\"https:\/\/torellicoffee.com\/wp-content\/uploads\/2025\/04\/Carisma-1kg-Bag-Mockup-scaled-e1745506278968-1024x1012.jpg 1024w, https:\/\/torellicoffee.com\/wp-content\/uploads\/2025\/04\/Carisma-1kg-Bag-Mockup-scaled-e1745506278968-300x296.jpg 300w, https:\/\/torellicoffee.com\/wp-content\/uploads\/2025\/04\/Carisma-1kg-Bag-Mockup-scaled-e1745506278968-768x759.jpg 768w, https:\/\/torellicoffee.com\/wp-content\/uploads\/2025\/04\/Carisma-1kg-Bag-Mockup-scaled-e1745506278968-1536x1517.jpg 1536w, https:\/\/torellicoffee.com\/wp-content\/uploads\/2025\/04\/Carisma-1kg-Bag-Mockup-scaled-e1745506278968-12x12.jpg 12w, https:\/\/torellicoffee.com\/wp-content\/uploads\/2025\/04\/Carisma-1kg-Bag-Mockup-scaled-e1745506278968-720x712.jpg 720w, https:\/\/torellicoffee.com\/wp-content\/uploads\/2025\/04\/Carisma-1kg-Bag-Mockup-scaled-e1745506278968-360x356.jpg 360w, https:\/\/torellicoffee.com\/wp-content\/uploads\/2025\/04\/Carisma-1kg-Bag-Mockup-scaled-e1745506278968.jpg 1810w\" sizes=\"(max-width: 1024px) 100vw, 1024px\" \/>\t\t\t\t\t\t\t\t\t\t\t\t\t\t\t<\/div>\n\t\t\t\t<\/div>\n\t\t\t\t<\/div>\n\t\t\t\t\t<\/div>\n\t\t\t\t<\/div>\n\t\t<div class=\"elementor-element elementor-element-2642344f e-flex e-con-boxed e-con e-parent\" data-id=\"2642344f\" data-element_type=\"container\" data-e-type=\"container\">\n\t\t\t\t\t<div class=\"e-con-inner\">\n\t\t<div class=\"elementor-element elementor-element-400e5dca e-con-full e-flex e-con e-child\" data-id=\"400e5dca\" data-element_type=\"container\" data-e-type=\"container\">\n\t\t\t\t<div class=\"elementor-element elementor-element-13c072f5 elementor-widget elementor-widget-text-editor\" data-id=\"13c072f5\" data-element_type=\"widget\" data-e-type=\"widget\" data-widget_type=\"text-editor.default\">\n\t\t\t\t<div class=\"elementor-widget-container\">\n\t\t\t\t\t\t\t\t\t<h3 data-start=\"241\" data-end=\"312\"><strong data-start=\"260\" data-end=\"277\">ABOUT<\/strong><\/h3><p class=\"\" data-start=\"314\" data-end=\"523\">Torelli represents quality without compromise. Our expert buyers source the finest Arabica and Robusta beans from around the world, working only with growers who uphold both environmental and social standards.<\/p><p class=\"\" data-start=\"525\" data-end=\"716\">Arabica is prized for its refined character and acidity, giving coffee its refreshing and aromatic qualities. Robusta, used in balance, enhances the blend by adding body, crema, and caffeine.<\/p><p><strong>Carisma. <\/strong>A unique dark roast of premium Robusta beans, rich body, sweet notes and delicate spice, topped with a golden crema. Roasted in Italy using Non-EU co\ufb00ee beans.Storage: Cool, dry place away from sunlight. Reseal after opening.<\/p>\t\t\t\t\t\t\t\t<\/div>\n\t\t\t\t<\/div>\n\t\t\t\t<\/div>\n\t\t<div class=\"elementor-element elementor-element-444420e8 e-con-full e-flex e-con e-child\" data-id=\"444420e8\" data-element_type=\"container\" data-e-type=\"container\">\n\t\t\t\t<div class=\"elementor-element elementor-element-266d6fce elementor-widget elementor-widget-text-editor\" data-id=\"266d6fce\" data-element_type=\"widget\" data-e-type=\"widget\" id=\"pinf\" data-widget_type=\"text-editor.default\">\n\t\t\t\t<div class=\"elementor-widget-container\">\n\t\t\t\t\t\t\t\t\t<h3 class=\"\" data-start=\"934\" data-end=\"961\"><strong data-start=\"938\" data-end=\"961\">Product Information<\/strong><\/h3><p class=\"\" data-start=\"963\" data-end=\"1660\"><strong data-start=\"963\" data-end=\"972\">Name:<\/strong> Roasted Coffee Beans<br data-start=\"993\" data-end=\"996\" \/><strong data-start=\"996\" data-end=\"1012\">Ingredients:<\/strong> 100% Coffee Beans &#8211; 100% Robusta<br data-start=\"1030\" data-end=\"1033\" \/><strong data-start=\"1033\" data-end=\"1047\">Allergens:<\/strong> None (Contains caffeine)<br data-start=\"1072\" data-end=\"1075\" \/><strong data-start=\"1075\" data-end=\"1092\">Net Quantity:<\/strong> 250g \u212e \/ 500g \u212e \/ 1000g \u212e (See front of pack)<br data-start=\"1135\" data-end=\"1138\" \/><strong data-start=\"1138\" data-end=\"1158\">Durability Date:<\/strong> See side or bottom of the packaging<br data-start=\"1184\" data-end=\"1187\" \/><strong data-start=\"1187\" data-end=\"1199\">Storage:<\/strong> Cool, dry place away from sunlight. Reseal after opening.<br data-start=\"1257\" data-end=\"1260\" \/><strong data-start=\"1260\" data-end=\"1270\">Usage:<\/strong> Grind before brewing. Ideal for espresso, filter, and French press.<br data-start=\"1334\" data-end=\"1337\" \/><strong data-start=\"1337\" data-end=\"1348\" data-is-only-node=\"\">Country of Origin:<\/strong> Arabica from Brazil, Excelso, Latin America + Indian Robusta. Roasted in Italy.<br data-start=\"1428\" data-end=\"1431\" \/><strong data-start=\"1431\" data-end=\"1444\">Operator:<\/strong> Napoli \u2013 T\/A Caffe Torelli<br data-start=\"1471\" data-end=\"1474\" \/>Via delle Industrie 35, Napoli (NA) 80147, Italy<br data-start=\"1522\" data-end=\"1525\" \/><strong data-start=\"1525\" data-end=\"1545\">Alcohol Content:<\/strong> None<br data-start=\"1550\" data-end=\"1553\" \/><strong data-start=\"1553\" data-end=\"1572\">Nutrition Info:<\/strong> Exempt (EU Regulation No 1169\/2011, Annex V, point 19)<br data-start=\"1627\" data-end=\"1630\" \/><strong data-start=\"1630\" data-end=\"1644\">Lot\/Batch Code:<\/strong> See side or bottom of the packaging<\/p><p>\u267b\ufe0f <strong data-start=\"151\" data-end=\"174\">C\/LDPE 90 \u2013 Plastic<\/strong><br data-start=\"174\" data-end=\"177\" \/>Suitable for food contact.<br data-start=\"203\" data-end=\"206\" data-is-only-node=\"\" \/><strong data-start=\"206\" data-end=\"269\">Separate collection. Check your local recycling guidelines.<\/strong><\/p>\t\t\t\t\t\t\t\t<\/div>\n\t\t\t\t<\/div>\n\t\t\t\t<\/div>\n\t\t\t\t\t<\/div>\n\t\t\t\t<\/div>\n\t\t<div class=\"elementor-element elementor-element-7899c86f e-flex e-con-boxed e-con e-parent\" data-id=\"7899c86f\" data-element_type=\"container\" data-e-type=\"container\">\n\t\t\t\t\t<div class=\"e-con-inner\">\n\t\t\t\t<div class=\"elementor-element elementor-element-4f5aa709 elementor-widget elementor-widget-heading\" data-id=\"4f5aa709\" data-element_type=\"widget\" data-e-type=\"widget\" data-widget_type=\"heading.default\">\n\t\t\t\t<div class=\"elementor-widget-container\">\n\t\t\t\t\t<h4 class=\"elementor-heading-title elementor-size-default\">Teraz wiesz, co robi\u0107: nape\u0142nij swoj\u0105 fili\u017cank\u0119 kaw\u0105 pe\u0142n\u0105 Carisma.<\/h4>\t\t\t\t<\/div>\n\t\t\t\t<\/div>\n\t\t\t\t\t<\/div>\n\t\t\t\t<\/div>\n\t\t<div class=\"elementor-element elementor-element-1b648778 e-flex e-con-boxed e-con e-parent\" data-id=\"1b648778\" data-element_type=\"container\" data-e-type=\"container\">\n\t\t\t\t\t<div class=\"e-con-inner\">\n\t\t\t\t\t<\/div>\n\t\t\t\t<\/div>\n\t\t\t\t<\/div>","protected":false},"excerpt":{"rendered":"<p>CARISMA COFFEE BEANS 500g \u212e EAN-50604113404041000g \u212e EAN-5060411340268(See front of pack) CREMA INTENSA Rrich body, sweet notes. ROBUSTA 100% Strength 9\/10 Distributor: Future Vending Servis s.r.o.,Jeremenkova 763\/88, 140 00 Praha 4, \u010cRKONTACT ABOUT Torelli represents quality without compromise. Our expert &hellip; <a class=\"kt-excerpt-readmore more-link\" href=\"https:\/\/torellicoffee.com\/pl\/caffe-vivo\/carisma\/\" aria-label=\"Carisma\">Read More<\/a><\/p>","protected":false},"author":2,"featured_media":2835,"parent":754,"menu_order":0,"comment_status":"closed","ping_status":"closed","template":"","meta":{"footnotes":""},"class_list":["post-2675","page","type-page","status-publish","has-post-thumbnail","hentry"],"_links":{"self":[{"href":"https:\/\/torellicoffee.com\/pl\/wp-json\/wp\/v2\/pages\/2675","targetHints":{"allow":["GET"]}}],"collection":[{"href":"https:\/\/torellicoffee.com\/pl\/wp-json\/wp\/v2\/pages"}],"about":[{"href":"https:\/\/torellicoffee.com\/pl\/wp-json\/wp\/v2\/types\/page"}],"author":[{"embeddable":true,"href":"https:\/\/torellicoffee.com\/pl\/wp-json\/wp\/v2\/users\/2"}],"replies":[{"embeddable":true,"href":"https:\/\/torellicoffee.com\/pl\/wp-json\/wp\/v2\/comments?post=2675"}],"version-history":[{"count":0,"href":"https:\/\/torellicoffee.com\/pl\/wp-json\/wp\/v2\/pages\/2675\/revisions"}],"up":[{"embeddable":true,"href":"https:\/\/torellicoffee.com\/pl\/wp-json\/wp\/v2\/pages\/754"}],"wp:featuredmedia":[{"embeddable":true,"href":"https:\/\/torellicoffee.com\/pl\/wp-json\/wp\/v2\/media\/2835"}],"wp:attachment":[{"href":"https:\/\/torellicoffee.com\/pl\/wp-json\/wp\/v2\/media?parent=2675"}],"curies":[{"name":"wp","href":"https:\/\/api.w.org\/{rel}","templated":true}]}}