{"id":2681,"date":"2025-03-27T19:20:35","date_gmt":"2025-03-27T19:20:35","guid":{"rendered":"https:\/\/torellicoffee.com\/?page_id=2681"},"modified":"2025-04-24T14:44:20","modified_gmt":"2025-04-24T14:44:20","slug":"casino","status":"publish","type":"page","link":"https:\/\/torellicoffee.com\/cs\/caffe-vivo\/casino\/","title":{"rendered":"Casino"},"content":{"rendered":"<div data-elementor-type=\"wp-page\" data-elementor-id=\"2681\" class=\"elementor elementor-2681\" data-elementor-post-type=\"page\">\n\t\t\t\t<div class=\"elementor-element elementor-element-22d1cb41 e-flex e-con-boxed e-con e-parent\" data-id=\"22d1cb41\" data-element_type=\"container\" data-e-type=\"container\">\n\t\t\t\t\t<div class=\"e-con-inner\">\n\t\t\t\t<div class=\"elementor-element elementor-element-5a723fb6 elementor-widget elementor-widget-spacer\" data-id=\"5a723fb6\" data-element_type=\"widget\" data-e-type=\"widget\" data-widget_type=\"spacer.default\">\n\t\t\t\t<div class=\"elementor-widget-container\">\n\t\t\t\t\t\t\t<div class=\"elementor-spacer\">\n\t\t\t<div class=\"elementor-spacer-inner\"><\/div>\n\t\t<\/div>\n\t\t\t\t\t\t<\/div>\n\t\t\t\t<\/div>\n\t\t\t\t\t<\/div>\n\t\t\t\t<\/div>\n\t\t<div class=\"elementor-element elementor-element-14741ebd e-flex e-con-boxed e-con e-parent\" data-id=\"14741ebd\" data-element_type=\"container\" data-e-type=\"container\">\n\t\t\t\t\t<div class=\"e-con-inner\">\n\t\t<div class=\"elementor-element elementor-element-583977c9 e-con-full e-flex e-con e-child\" data-id=\"583977c9\" data-element_type=\"container\" data-e-type=\"container\">\n\t\t\t\t<div class=\"elementor-element elementor-element-2644c315 elementor-widget elementor-widget-text-editor\" data-id=\"2644c315\" data-element_type=\"widget\" data-e-type=\"widget\" data-widget_type=\"text-editor.default\">\n\t\t\t\t<div class=\"elementor-widget-container\">\n\t\t\t\t\t\t\t\t\t<h1>CASINO<strong data-start=\"222\" data-end=\"238\"><br \/><\/strong><\/h1>\t\t\t\t\t\t\t\t<\/div>\n\t\t\t\t<\/div>\n\t\t\t\t<div class=\"elementor-element elementor-element-5a15679f elementor-widget elementor-widget-text-editor\" data-id=\"5a15679f\" data-element_type=\"widget\" data-e-type=\"widget\" data-widget_type=\"text-editor.default\">\n\t\t\t\t<div class=\"elementor-widget-container\">\n\t\t\t\t\t\t\t\t\t<h4 data-start=\"218\" data-end=\"240\"><strong>K\u00e1vov\u00e1 zrna<\/strong><\/h4>\t\t\t\t\t\t\t\t<\/div>\n\t\t\t\t<\/div>\n\t\t\t\t<div class=\"elementor-element elementor-element-4ae4ac41 elementor-widget elementor-widget-text-editor\" data-id=\"4ae4ac41\" data-element_type=\"widget\" data-e-type=\"widget\" data-widget_type=\"text-editor.default\">\n\t\t\t\t<div class=\"elementor-widget-container\">\n\t\t\t\t\t\t\t\t\t<p data-start=\"241\" data-end=\"312\"><strong><a href=\"#pinf\">500g \u212e EAN-5060411340428<\/a><br \/><a href=\"#pinf\">1000g \u212e EAN-5060411340459<\/a><br \/>(Viz p\u0159edn\u00ed stranu obalu)<\/strong><\/p>\t\t\t\t\t\t\t\t<\/div>\n\t\t\t\t<\/div>\n\t\t\t\t<div class=\"elementor-element elementor-element-1b3e7db1 elementor-widget elementor-widget-text-editor\" data-id=\"1b3e7db1\" data-element_type=\"widget\" data-e-type=\"widget\" data-widget_type=\"text-editor.default\">\n\t\t\t\t<div class=\"elementor-widget-container\">\n\t\t\t\t\t\t\t\t\t<h4 data-start=\"218\" data-end=\"240\"><strong data-start=\"222\" data-end=\"238\"><em>GRAN CREMA<\/em><\/strong><\/h4>\t\t\t\t\t\t\t\t<\/div>\n\t\t\t\t<\/div>\n\t\t\t\t<div class=\"elementor-element elementor-element-23c3c254 elementor-widget elementor-widget-text-editor\" data-id=\"23c3c254\" data-element_type=\"widget\" data-e-type=\"widget\" data-widget_type=\"text-editor.default\">\n\t\t\t\t<div class=\"elementor-widget-container\">\n\t\t\t\t\t\t\t\t\t<p class=\"\" data-start=\"241\" data-end=\"312\">Sladk\u00e9 a kr\u00e9mov\u00e9.<\/p>\t\t\t\t\t\t\t\t<\/div>\n\t\t\t\t<\/div>\n\t\t\t\t<div class=\"elementor-element elementor-element-2d0dd8a8 elementor-widget elementor-widget-progress\" data-id=\"2d0dd8a8\" data-element_type=\"widget\" data-e-type=\"widget\" data-widget_type=\"progress.default\">\n\t\t\t\t<div class=\"elementor-widget-container\">\n\t\t\t\t\t\t\t\t<span class=\"elementor-title\" id=\"elementor-progress-bar-2d0dd8a8\">\n\t\t\t\tRobusta\t\t\t<\/span>\n\t\t\n\t\t<div aria-labelledby=\"elementor-progress-bar-2d0dd8a8\" class=\"elementor-progress-wrapper\" role=\"progressbar\" aria-valuemin=\"0\" aria-valuemax=\"100\" aria-valuenow=\"60\">\n\t\t\t<div class=\"elementor-progress-bar\" data-max=\"60\">\n\t\t\t\t<span class=\"elementor-progress-text\"><\/span>\n\t\t\t\t\t\t\t\t\t<span class=\"elementor-progress-percentage\">60%<\/span>\n\t\t\t\t\t\t\t<\/div>\n\t\t<\/div>\n\t\t\t\t\t\t<\/div>\n\t\t\t\t<\/div>\n\t\t\t\t<div class=\"elementor-element elementor-element-3d8aae0 elementor-widget elementor-widget-progress\" data-id=\"3d8aae0\" data-element_type=\"widget\" data-e-type=\"widget\" data-widget_type=\"progress.default\">\n\t\t\t\t<div class=\"elementor-widget-container\">\n\t\t\t\t\t\t\t\t<span class=\"elementor-title\" id=\"elementor-progress-bar-3d8aae0\">\n\t\t\t\tArabica\t\t\t<\/span>\n\t\t\n\t\t<div aria-labelledby=\"elementor-progress-bar-3d8aae0\" class=\"elementor-progress-wrapper\" role=\"progressbar\" aria-valuemin=\"0\" aria-valuemax=\"100\" aria-valuenow=\"40\">\n\t\t\t<div class=\"elementor-progress-bar\" data-max=\"40\">\n\t\t\t\t<span class=\"elementor-progress-text\"><\/span>\n\t\t\t\t\t\t\t\t\t<span class=\"elementor-progress-percentage\">40%<\/span>\n\t\t\t\t\t\t\t<\/div>\n\t\t<\/div>\n\t\t\t\t\t\t<\/div>\n\t\t\t\t<\/div>\n\t\t\t\t<div class=\"elementor-element elementor-element-1be94527 elementor-widget elementor-widget-progress\" data-id=\"1be94527\" data-element_type=\"widget\" data-e-type=\"widget\" data-widget_type=\"progress.default\">\n\t\t\t\t<div class=\"elementor-widget-container\">\n\t\t\t\t\t\t\t\t<span class=\"elementor-title\" id=\"elementor-progress-bar-1be94527\">\n\t\t\t\tIntenzita\t\t\t<\/span>\n\t\t\n\t\t<div aria-labelledby=\"elementor-progress-bar-1be94527\" class=\"elementor-progress-wrapper\" role=\"progressbar\" aria-valuemin=\"0\" aria-valuemax=\"100\" aria-valuenow=\"80\" aria-valuetext=\"80% (8\/10)\">\n\t\t\t<div class=\"elementor-progress-bar\" data-max=\"80\">\n\t\t\t\t<span class=\"elementor-progress-text\">8\/10<\/span>\n\t\t\t\t\t\t\t<\/div>\n\t\t<\/div>\n\t\t\t\t\t\t<\/div>\n\t\t\t\t<\/div>\n\t\t\t\t<div class=\"elementor-element elementor-element-40bd442b elementor-widget-divider--view-line elementor-widget elementor-widget-divider\" data-id=\"40bd442b\" data-element_type=\"widget\" data-e-type=\"widget\" data-widget_type=\"divider.default\">\n\t\t\t\t<div class=\"elementor-widget-container\">\n\t\t\t\t\t\t\t<div class=\"elementor-divider\">\n\t\t\t<span class=\"elementor-divider-separator\">\n\t\t\t\t\t\t<\/span>\n\t\t<\/div>\n\t\t\t\t\t\t<\/div>\n\t\t\t\t<\/div>\n\t\t\t\t<div class=\"elementor-element elementor-element-5e4177ee elementor-widget elementor-widget-text-editor\" data-id=\"5e4177ee\" data-element_type=\"widget\" data-e-type=\"widget\" data-no-translation=\"\" data-widget_type=\"text-editor.default\">\n\t\t\t\t<div class=\"elementor-widget-container\">\n\t\t\t\t\t\t\t\t\t<p><strong>Distributor:<\/strong> <br \/>Future Vending Servis s.r.o.,<br \/>Jeremenkova 763\/88, 140 00 Praha 4, \u010cR<br \/><a href=\"https:\/\/www.vendingservice.cz\/\" target=\"_blank\" rel=\"noopener\"><strong>KONTACT<\/strong><\/a><\/p>\t\t\t\t\t\t\t\t<\/div>\n\t\t\t\t<\/div>\n\t\t\t\t<\/div>\n\t\t<div class=\"elementor-element elementor-element-7bddf7d1 e-con-full e-flex e-con e-child\" data-id=\"7bddf7d1\" data-element_type=\"container\" data-e-type=\"container\">\n\t\t\t\t<div class=\"elementor-element elementor-element-43c26495 elementor-widget elementor-widget-image\" data-id=\"43c26495\" data-element_type=\"widget\" data-e-type=\"widget\" data-widget_type=\"image.default\">\n\t\t\t\t<div class=\"elementor-widget-container\">\n\t\t\t\t\t\t\t\t\t\t\t\t\t\t\t<img fetchpriority=\"high\" decoding=\"async\" width=\"1024\" height=\"1016\" src=\"https:\/\/torellicoffee.com\/wp-content\/uploads\/2025\/04\/Casino-1kg-Bag-Mockup-scaled-e1745505805934-1024x1016.jpg\" class=\"attachment-large size-large wp-image-2819\" alt=\"\" srcset=\"https:\/\/torellicoffee.com\/wp-content\/uploads\/2025\/04\/Casino-1kg-Bag-Mockup-scaled-e1745505805934-1024x1016.jpg 1024w, https:\/\/torellicoffee.com\/wp-content\/uploads\/2025\/04\/Casino-1kg-Bag-Mockup-scaled-e1745505805934-300x298.jpg 300w, https:\/\/torellicoffee.com\/wp-content\/uploads\/2025\/04\/Casino-1kg-Bag-Mockup-scaled-e1745505805934-150x150.jpg 150w, https:\/\/torellicoffee.com\/wp-content\/uploads\/2025\/04\/Casino-1kg-Bag-Mockup-scaled-e1745505805934-768x762.jpg 768w, https:\/\/torellicoffee.com\/wp-content\/uploads\/2025\/04\/Casino-1kg-Bag-Mockup-scaled-e1745505805934-1536x1524.jpg 1536w, https:\/\/torellicoffee.com\/wp-content\/uploads\/2025\/04\/Casino-1kg-Bag-Mockup-scaled-e1745505805934-12x12.jpg 12w, https:\/\/torellicoffee.com\/wp-content\/uploads\/2025\/04\/Casino-1kg-Bag-Mockup-scaled-e1745505805934.jpg 1797w\" sizes=\"(max-width: 1024px) 100vw, 1024px\" \/>\t\t\t\t\t\t\t\t\t\t\t\t\t\t\t<\/div>\n\t\t\t\t<\/div>\n\t\t\t\t<\/div>\n\t\t\t\t\t<\/div>\n\t\t\t\t<\/div>\n\t\t<div class=\"elementor-element elementor-element-784be710 e-flex e-con-boxed e-con e-parent\" data-id=\"784be710\" data-element_type=\"container\" data-e-type=\"container\">\n\t\t\t\t\t<div class=\"e-con-inner\">\n\t\t<div class=\"elementor-element elementor-element-48423217 e-con-full e-flex e-con e-child\" data-id=\"48423217\" data-element_type=\"container\" data-e-type=\"container\">\n\t\t\t\t<div class=\"elementor-element elementor-element-1292ddfe elementor-widget elementor-widget-text-editor\" data-id=\"1292ddfe\" data-element_type=\"widget\" data-e-type=\"widget\" data-widget_type=\"text-editor.default\">\n\t\t\t\t<div class=\"elementor-widget-container\">\n\t\t\t\t\t\t\t\t\t<h3 data-start=\"241\" data-end=\"312\"><strong data-start=\"260\" data-end=\"277\">O produktu<\/strong><\/h3><p class=\"\" data-start=\"314\" data-end=\"523\">Torelli p\u0159edstavuje kvalitu bez kompromis\u016f. Na\u0161i odborn\u00ed n\u00e1kup\u010d\u00ed vyb\u00edraj\u00ed ty nejlep\u0161\u00ed zrna Arabiky a Robusty z cel\u00e9ho sv\u011bta, v\u00fdhradn\u011b od p\u011bstitel\u016f, kte\u0159\u00ed dodr\u017euj\u00ed environment\u00e1ln\u00ed a soci\u00e1ln\u00ed standardy.<\/p><p class=\"\" data-start=\"525\" data-end=\"716\">Arabika je cen\u011bna pro svou vyt\u0159\u00edbenou chu\u0165 a kyselost, kter\u00e9 k\u00e1v\u011b dod\u00e1vaj\u00ed osv\u011b\u017euj\u00edc\u00ed a aromatick\u00e9 vlastnosti. Robusta, pou\u017eit\u00e1 ve vyv\u00e1\u017een\u00e9m pom\u011bru, obohacuje sm\u011bs o pln\u00e9 t\u011blo, kr\u00e9mu a vy\u0161\u0161\u00ed obsah kofeinu.<\/p><p><strong>Casino<\/strong> - Tady jsme vytvo\u0159ili sm\u011bs z pe\u010dliv\u011b vybran\u00fdch a pra\u017een\u00fdch k\u00e1vov\u00fdch zrn, skl\u00e1daj\u00edc\u00ed se ze sladk\u00fdch a kr\u00e9mov\u00fdch jihoamerick\u00fdch arabik kombinovan\u00fdch s promytou robustou, abychom vytvo\u0159ili tuto kr\u00e9movou a sladkou sm\u011bs se siln\u00fdm, ale ne agresivn\u00edm charakterem. Pra\u017een\u00e9 v E\u00da . K\u00e1vov\u00e9 zrn\u00e1 z kraj\u00edn mimo E\u00da. Uchov\u00e1vejte na chladn\u00e9m, such\u00e9m m\u00edst\u011b mimo dosah slune\u010dn\u00edho z\u00e1\u0159en\u00ed. Po otev\u0159en\u00ed op\u011bt uzav\u0159ete.<\/p>\t\t\t\t\t\t\t\t<\/div>\n\t\t\t\t<\/div>\n\t\t\t\t<\/div>\n\t\t<div class=\"elementor-element elementor-element-540f2d8e e-con-full e-flex e-con e-child\" data-id=\"540f2d8e\" data-element_type=\"container\" data-e-type=\"container\">\n\t\t\t\t<div class=\"elementor-element elementor-element-64f1dd4 elementor-widget elementor-widget-text-editor\" data-id=\"64f1dd4\" data-element_type=\"widget\" data-e-type=\"widget\" id=\"pinf\" data-widget_type=\"text-editor.default\">\n\t\t\t\t<div class=\"elementor-widget-container\">\n\t\t\t\t\t\t\t\t\t<h3 class=\"\" data-start=\"934\" data-end=\"961\"><strong data-start=\"938\" data-end=\"961\">Informace o produktu<\/strong><\/h3><p class=\"\" data-start=\"963\" data-end=\"1660\"><strong data-start=\"963\" data-end=\"972\">N\u00e1zev:<\/strong> Pra\u017een\u00e1 k\u00e1vov\u00e1 zrna<br data-start=\"993\" data-end=\"996\" \/><strong data-start=\"996\" data-end=\"1012\">Slo\u017een\u00ed:<\/strong> 100% Coffee Beans &#8211; 60% ROBUSTA 40% ARABICA<br data-start=\"1030\" data-end=\"1033\" \/><strong data-start=\"1033\" data-end=\"1047\">Alergeny:<\/strong> \u017d\u00e1dn\u00e9 (Obsahuje kofein)<br data-start=\"1072\" data-end=\"1075\" \/><strong data-start=\"1075\" data-end=\"1092\">\u010cist\u00e9 mno\u017estv\u00ed:<\/strong> 250g \u212e \/ 500g \u212e \/ 1000g \u212e (Viz p\u0159edn\u00ed strana obalu)<br data-start=\"1135\" data-end=\"1138\" \/><strong data-start=\"1138\" data-end=\"1158\">Datum minim\u00e1ln\u00ed trvanlivosti:<\/strong> See the side or bottom of the packaging<br data-start=\"1184\" data-end=\"1187\" \/><strong data-start=\"1187\" data-end=\"1199\">Skladov\u00e1n\u00ed:<\/strong> Skladujte na chladn\u00e9m a such\u00e9m m\u00edst\u011b, mimo p\u0159\u00edm\u00e9 slune\u010dn\u00ed sv\u011btlo. Po otev\u0159en\u00ed znovu uzav\u0159ete.<br data-start=\"1257\" data-end=\"1260\" \/><strong data-start=\"1260\" data-end=\"1270\">Pou\u017eit\u00ed:<\/strong> P\u0159ed p\u0159\u00edpravou namelte. Ide\u00e1ln\u00ed pro espresso, p\u0159ekap\u00e1vanou k\u00e1vu a French press.<br data-start=\"1334\" data-end=\"1337\" \/><strong data-start=\"1337\" data-end=\"1348\" data-is-only-node=\"\">Zem\u011b p\u016fvodu:<\/strong> Arabica z Braz\u00edlie, Excelso, Latinsk\u00e9 Ameriky + indick\u00e1 Robusta. Pra\u017eeno v It\u00e1lii.<br data-start=\"1428\" data-end=\"1431\" \/><strong data-start=\"1431\" data-end=\"1444\">Provozovatel:<\/strong> Napoli \u2013 T\/A Caffe Torelli<br data-start=\"1471\" data-end=\"1474\" \/>Via delle Industrie 35, Napoli (NA) 80147, Italy<br data-start=\"1522\" data-end=\"1525\" \/><strong data-start=\"1525\" data-end=\"1545\">Obsah alkoholu:<\/strong> \u017d\u00e1dn\u00fd<br data-start=\"1550\" data-end=\"1553\" \/><strong data-start=\"1553\" data-end=\"1572\">V\u00fd\u017eivov\u00e9 \u00fadaje:<\/strong> Osvobozeno (na\u0159\u00edzen\u00ed EU \u010d. 1169\/2011, p\u0159\u00edloha V, bod 19)<br data-start=\"1627\" data-end=\"1630\" \/><strong data-start=\"1630\" data-end=\"1644\">\u010c\u00edslo \u0161ar\u017ee \/ k\u00f3du:<\/strong> See the side or bottom of the packaging<\/p><p>\u267b\ufe0f <strong data-start=\"151\" data-end=\"174\">C\/LDPE 90 \u2013 Plast<\/strong><br data-start=\"174\" data-end=\"177\" \/>Vhodn\u00e9 pro styk s potravinami.<br data-start=\"203\" data-end=\"206\" data-is-only-node=\"\" \/><strong data-start=\"206\" data-end=\"269\">T\u0159i\u010fte odpad. \u0158i\u010fte se m\u00edstn\u00edmi pokyny pro recyklaci.<\/strong><\/p>\t\t\t\t\t\t\t\t<\/div>\n\t\t\t\t<\/div>\n\t\t\t\t<\/div>\n\t\t\t\t\t<\/div>\n\t\t\t\t<\/div>\n\t\t<div class=\"elementor-element elementor-element-22741b20 e-flex e-con-boxed e-con e-parent\" data-id=\"22741b20\" data-element_type=\"container\" data-e-type=\"container\">\n\t\t\t\t\t<div class=\"e-con-inner\">\n\t\t\t\t<div class=\"elementor-element elementor-element-3932b0ed elementor-widget elementor-widget-heading\" data-id=\"3932b0ed\" data-element_type=\"widget\" data-e-type=\"widget\" data-widget_type=\"heading.default\">\n\t\t\t\t<div class=\"elementor-widget-container\">\n\t\t\t\t\t<h4 class=\"elementor-heading-title elementor-size-default\">Te\u010f u\u017e v\u00ed\u0161, co d\u011blat: napl\u0148 sv\u016fj \u0161\u00e1lek k\u00e1vy trochou Casina.<\/h4>\t\t\t\t<\/div>\n\t\t\t\t<\/div>\n\t\t\t\t\t<\/div>\n\t\t\t\t<\/div>\n\t\t<div class=\"elementor-element elementor-element-4f5a0427 e-flex e-con-boxed e-con e-parent\" data-id=\"4f5a0427\" data-element_type=\"container\" data-e-type=\"container\">\n\t\t\t\t\t<div class=\"e-con-inner\">\n\t\t\t\t\t<\/div>\n\t\t\t\t<\/div>\n\t\t\t\t<\/div>","protected":false},"excerpt":{"rendered":"<p>CASINO COFFEE BEANS 500g \u212e EAN-50604113404281000g \u212e EAN-5060411340459(See front of pack) GRAN CREMA Sweet and creamy. Robusta 60% Arabica 40% Strength 8\/10 Distributor: Future Vending Servis s.r.o.,Jeremenkova 763\/88, 140 00 Praha 4, \u010cRKONTACT ABOUT Torelli represents quality without compromise. Our &hellip; <a class=\"kt-excerpt-readmore more-link\" href=\"https:\/\/torellicoffee.com\/cs\/caffe-vivo\/casino\/\" aria-label=\"Casino\">Read More<\/a><\/p>","protected":false},"author":2,"featured_media":0,"parent":754,"menu_order":0,"comment_status":"closed","ping_status":"closed","template":"","meta":{"footnotes":""},"class_list":["post-2681","page","type-page","status-publish","hentry"],"_links":{"self":[{"href":"https:\/\/torellicoffee.com\/cs\/wp-json\/wp\/v2\/pages\/2681","targetHints":{"allow":["GET"]}}],"collection":[{"href":"https:\/\/torellicoffee.com\/cs\/wp-json\/wp\/v2\/pages"}],"about":[{"href":"https:\/\/torellicoffee.com\/cs\/wp-json\/wp\/v2\/types\/page"}],"author":[{"embeddable":true,"href":"https:\/\/torellicoffee.com\/cs\/wp-json\/wp\/v2\/users\/2"}],"replies":[{"embeddable":true,"href":"https:\/\/torellicoffee.com\/cs\/wp-json\/wp\/v2\/comments?post=2681"}],"version-history":[{"count":0,"href":"https:\/\/torellicoffee.com\/cs\/wp-json\/wp\/v2\/pages\/2681\/revisions"}],"up":[{"embeddable":true,"href":"https:\/\/torellicoffee.com\/cs\/wp-json\/wp\/v2\/pages\/754"}],"wp:attachment":[{"href":"https:\/\/torellicoffee.com\/cs\/wp-json\/wp\/v2\/media?parent=2681"}],"curies":[{"name":"wp","href":"https:\/\/api.w.org\/{rel}","templated":true}]}}