{"id":2678,"date":"2025-03-27T17:43:25","date_gmt":"2025-03-27T17:43:25","guid":{"rendered":"https:\/\/torellicoffee.com\/?page_id=2678"},"modified":"2025-04-24T15:08:36","modified_gmt":"2025-04-24T15:08:36","slug":"piacere","status":"publish","type":"page","link":"https:\/\/torellicoffee.com\/cs\/caffe-vivo\/piacere\/","title":{"rendered":"Piacere"},"content":{"rendered":"<div data-elementor-type=\"wp-page\" data-elementor-id=\"2678\" class=\"elementor elementor-2678\" data-elementor-post-type=\"page\">\n\t\t\t\t<div class=\"elementor-element elementor-element-1cb219bb e-flex e-con-boxed e-con e-parent\" data-id=\"1cb219bb\" data-element_type=\"container\" data-e-type=\"container\">\n\t\t\t\t\t<div class=\"e-con-inner\">\n\t\t\t\t<div class=\"elementor-element elementor-element-7fab7e10 elementor-widget elementor-widget-spacer\" data-id=\"7fab7e10\" data-element_type=\"widget\" data-e-type=\"widget\" data-widget_type=\"spacer.default\">\n\t\t\t\t<div class=\"elementor-widget-container\">\n\t\t\t\t\t\t\t<div class=\"elementor-spacer\">\n\t\t\t<div class=\"elementor-spacer-inner\"><\/div>\n\t\t<\/div>\n\t\t\t\t\t\t<\/div>\n\t\t\t\t<\/div>\n\t\t\t\t\t<\/div>\n\t\t\t\t<\/div>\n\t\t<div class=\"elementor-element elementor-element-7f933d29 e-flex e-con-boxed e-con e-parent\" data-id=\"7f933d29\" data-element_type=\"container\" data-e-type=\"container\">\n\t\t\t\t\t<div class=\"e-con-inner\">\n\t\t<div class=\"elementor-element elementor-element-7558db59 e-con-full e-flex e-con e-child\" data-id=\"7558db59\" data-element_type=\"container\" data-e-type=\"container\">\n\t\t\t\t<div class=\"elementor-element elementor-element-1a4ee162 elementor-widget elementor-widget-text-editor\" data-id=\"1a4ee162\" data-element_type=\"widget\" data-e-type=\"widget\" data-widget_type=\"text-editor.default\">\n\t\t\t\t<div class=\"elementor-widget-container\">\n\t\t\t\t\t\t\t\t\t<h1>PIACERE<strong data-start=\"222\" data-end=\"238\"><br \/><\/strong><\/h1>\t\t\t\t\t\t\t\t<\/div>\n\t\t\t\t<\/div>\n\t\t\t\t<div class=\"elementor-element elementor-element-40c07afc elementor-widget elementor-widget-text-editor\" data-id=\"40c07afc\" data-element_type=\"widget\" data-e-type=\"widget\" data-widget_type=\"text-editor.default\">\n\t\t\t\t<div class=\"elementor-widget-container\">\n\t\t\t\t\t\t\t\t\t<h4 data-start=\"218\" data-end=\"240\"><strong>K\u00e1vov\u00e1 zrna<\/strong><\/h4>\t\t\t\t\t\t\t\t<\/div>\n\t\t\t\t<\/div>\n\t\t\t\t<div class=\"elementor-element elementor-element-8b69242 elementor-widget elementor-widget-text-editor\" data-id=\"8b69242\" data-element_type=\"widget\" data-e-type=\"widget\" data-widget_type=\"text-editor.default\">\n\t\t\t\t<div class=\"elementor-widget-container\">\n\t\t\t\t\t\t\t\t\t<p data-start=\"241\" data-end=\"312\"><strong><a href=\"#pinf\">500g \u212e EAN-5060411340381 <\/a><br \/><a href=\"#pinf\">1000g \u212e EAN-5060411340251 <\/a><br \/>(Viz p\u0159edn\u00ed stranu obalu)<\/strong><\/p>\t\t\t\t\t\t\t\t<\/div>\n\t\t\t\t<\/div>\n\t\t\t\t<div class=\"elementor-element elementor-element-5b2f957d elementor-widget elementor-widget-text-editor\" data-id=\"5b2f957d\" data-element_type=\"widget\" data-e-type=\"widget\" data-widget_type=\"text-editor.default\">\n\t\t\t\t<div class=\"elementor-widget-container\">\n\t\t\t\t\t\t\t\t\t<h4 data-start=\"218\" data-end=\"240\"><strong data-start=\"222\" data-end=\"238\"><em>100% ARABICA<br \/><\/em><\/strong><\/h4>\t\t\t\t\t\t\t\t<\/div>\n\t\t\t\t<\/div>\n\t\t\t\t<div class=\"elementor-element elementor-element-35dd3e18 elementor-widget elementor-widget-text-editor\" data-id=\"35dd3e18\" data-element_type=\"widget\" data-e-type=\"widget\" data-widget_type=\"text-editor.default\">\n\t\t\t\t<div class=\"elementor-widget-container\">\n\t\t\t\t\t\t\t\t\t<p class=\"\" data-start=\"241\" data-end=\"312\">Jemn\u00e9 na pat\u0159e.<\/p>\t\t\t\t\t\t\t\t<\/div>\n\t\t\t\t<\/div>\n\t\t\t\t<div class=\"elementor-element elementor-element-699d45 elementor-widget elementor-widget-progress\" data-id=\"699d45\" data-element_type=\"widget\" data-e-type=\"widget\" data-widget_type=\"progress.default\">\n\t\t\t\t<div class=\"elementor-widget-container\">\n\t\t\t\t\t\t\t\t<span class=\"elementor-title\" id=\"elementor-progress-bar-699d45\">\n\t\t\t\tArabica\t\t\t<\/span>\n\t\t\n\t\t<div aria-labelledby=\"elementor-progress-bar-699d45\" class=\"elementor-progress-wrapper\" role=\"progressbar\" aria-valuemin=\"0\" aria-valuemax=\"100\" aria-valuenow=\"100\">\n\t\t\t<div class=\"elementor-progress-bar\" data-max=\"100\">\n\t\t\t\t<span class=\"elementor-progress-text\"><\/span>\n\t\t\t\t\t\t\t\t\t<span class=\"elementor-progress-percentage\">100%<\/span>\n\t\t\t\t\t\t\t<\/div>\n\t\t<\/div>\n\t\t\t\t\t\t<\/div>\n\t\t\t\t<\/div>\n\t\t\t\t<div class=\"elementor-element elementor-element-70e8c9c9 elementor-widget elementor-widget-progress\" data-id=\"70e8c9c9\" data-element_type=\"widget\" data-e-type=\"widget\" data-widget_type=\"progress.default\">\n\t\t\t\t<div class=\"elementor-widget-container\">\n\t\t\t\t\t\t\t\t<span class=\"elementor-title\" id=\"elementor-progress-bar-70e8c9c9\">\n\t\t\t\tIntenzita\t\t\t<\/span>\n\t\t\n\t\t<div aria-labelledby=\"elementor-progress-bar-70e8c9c9\" class=\"elementor-progress-wrapper\" role=\"progressbar\" aria-valuemin=\"0\" aria-valuemax=\"100\" aria-valuenow=\"60\" aria-valuetext=\"60% (6\/10)\">\n\t\t\t<div class=\"elementor-progress-bar\" data-max=\"60\">\n\t\t\t\t<span class=\"elementor-progress-text\">6\/10<\/span>\n\t\t\t\t\t\t\t<\/div>\n\t\t<\/div>\n\t\t\t\t\t\t<\/div>\n\t\t\t\t<\/div>\n\t\t\t\t<div class=\"elementor-element elementor-element-1213a1b6 elementor-widget-divider--view-line elementor-widget elementor-widget-divider\" data-id=\"1213a1b6\" data-element_type=\"widget\" data-e-type=\"widget\" data-widget_type=\"divider.default\">\n\t\t\t\t<div class=\"elementor-widget-container\">\n\t\t\t\t\t\t\t<div class=\"elementor-divider\">\n\t\t\t<span class=\"elementor-divider-separator\">\n\t\t\t\t\t\t<\/span>\n\t\t<\/div>\n\t\t\t\t\t\t<\/div>\n\t\t\t\t<\/div>\n\t\t\t\t<div class=\"elementor-element elementor-element-9cce5ae elementor-widget elementor-widget-text-editor\" data-id=\"9cce5ae\" data-element_type=\"widget\" data-e-type=\"widget\" data-no-translation=\"\" data-widget_type=\"text-editor.default\">\n\t\t\t\t<div class=\"elementor-widget-container\">\n\t\t\t\t\t\t\t\t\t<p><strong>Distributor:<\/strong> <br \/>Future Vending Servis s.r.o.,<br \/>Jeremenkova 763\/88, 140 00 Praha 4, \u010cR<br \/><a href=\"https:\/\/www.vendingservice.cz\/\" target=\"_blank\" rel=\"noopener\"><strong>KONTACT<\/strong><\/a><\/p>\t\t\t\t\t\t\t\t<\/div>\n\t\t\t\t<\/div>\n\t\t\t\t<\/div>\n\t\t<div class=\"elementor-element elementor-element-23a6dd14 e-con-full e-flex e-con e-child\" data-id=\"23a6dd14\" data-element_type=\"container\" data-e-type=\"container\">\n\t\t\t\t<div class=\"elementor-element elementor-element-2081b0bc elementor-widget elementor-widget-image\" data-id=\"2081b0bc\" data-element_type=\"widget\" data-e-type=\"widget\" data-widget_type=\"image.default\">\n\t\t\t\t<div class=\"elementor-widget-container\">\n\t\t\t\t\t\t\t\t\t\t\t\t\t\t\t<img fetchpriority=\"high\" decoding=\"async\" width=\"1022\" height=\"1024\" src=\"https:\/\/torellicoffee.com\/wp-content\/uploads\/2025\/04\/Piacera-1kg-Bag-Mockup-1-scaled-e1745506977553-1022x1024.jpg\" class=\"attachment-large size-large wp-image-2852\" alt=\"Torelli Coffee Piacere\" srcset=\"https:\/\/torellicoffee.com\/wp-content\/uploads\/2025\/04\/Piacera-1kg-Bag-Mockup-1-scaled-e1745506977553-1022x1024.jpg 1022w, https:\/\/torellicoffee.com\/wp-content\/uploads\/2025\/04\/Piacera-1kg-Bag-Mockup-1-scaled-e1745506977553-300x300.jpg 300w, https:\/\/torellicoffee.com\/wp-content\/uploads\/2025\/04\/Piacera-1kg-Bag-Mockup-1-scaled-e1745506977553-150x150.jpg 150w, https:\/\/torellicoffee.com\/wp-content\/uploads\/2025\/04\/Piacera-1kg-Bag-Mockup-1-scaled-e1745506977553-768x770.jpg 768w, https:\/\/torellicoffee.com\/wp-content\/uploads\/2025\/04\/Piacera-1kg-Bag-Mockup-1-scaled-e1745506977553-1533x1536.jpg 1533w, https:\/\/torellicoffee.com\/wp-content\/uploads\/2025\/04\/Piacera-1kg-Bag-Mockup-1-scaled-e1745506977553-12x12.jpg 12w, https:\/\/torellicoffee.com\/wp-content\/uploads\/2025\/04\/Piacera-1kg-Bag-Mockup-1-scaled-e1745506977553.jpg 1788w\" sizes=\"(max-width: 1022px) 100vw, 1022px\" \/>\t\t\t\t\t\t\t\t\t\t\t\t\t\t\t<\/div>\n\t\t\t\t<\/div>\n\t\t\t\t<\/div>\n\t\t\t\t\t<\/div>\n\t\t\t\t<\/div>\n\t\t<div class=\"elementor-element elementor-element-721fb9d4 e-flex e-con-boxed e-con e-parent\" data-id=\"721fb9d4\" data-element_type=\"container\" data-e-type=\"container\">\n\t\t\t\t\t<div class=\"e-con-inner\">\n\t\t<div class=\"elementor-element elementor-element-4cd6cb88 e-con-full e-flex e-con e-child\" data-id=\"4cd6cb88\" data-element_type=\"container\" data-e-type=\"container\">\n\t\t\t\t<div class=\"elementor-element elementor-element-664a7191 elementor-widget elementor-widget-text-editor\" data-id=\"664a7191\" data-element_type=\"widget\" data-e-type=\"widget\" data-widget_type=\"text-editor.default\">\n\t\t\t\t<div class=\"elementor-widget-container\">\n\t\t\t\t\t\t\t\t\t<h3 data-start=\"241\" data-end=\"312\"><strong data-start=\"260\" data-end=\"277\">O produktu<\/strong><\/h3><p class=\"\" data-start=\"314\" data-end=\"523\">Torelli p\u0159edstavuje kvalitu bez kompromis\u016f. Na\u0161i odborn\u00ed n\u00e1kup\u010d\u00ed vyb\u00edraj\u00ed ty nejlep\u0161\u00ed zrna Arabiky a Robusty z cel\u00e9ho sv\u011bta, v\u00fdhradn\u011b od p\u011bstitel\u016f, kte\u0159\u00ed dodr\u017euj\u00ed environment\u00e1ln\u00ed a soci\u00e1ln\u00ed standardy.<\/p><p class=\"\" data-start=\"525\" data-end=\"716\">Arabika je cen\u011bna pro svou vyt\u0159\u00edbenou chu\u0165 a kyselost, kter\u00e9 k\u00e1v\u011b dod\u00e1vaj\u00ed osv\u011b\u017euj\u00edc\u00ed a aromatick\u00e9 vlastnosti. Robusta, pou\u017eit\u00e1 ve vyv\u00e1\u017een\u00e9m pom\u011bru, obohacuje sm\u011bs o pln\u00e9 t\u011blo, kr\u00e9mu a vy\u0161\u0161\u00ed obsah kofeinu.<\/p><p><strong>Piacere.<\/strong> 100% Arabica. Lehce pra\u017een\u00e1 k\u00e1va, kter\u00e1 je jemn\u00e1 na pat\u0159e a m\u00e1 aromatick\u00fd pro\ufb01l s kv\u011btinov\u00fdmi t\u00f3ny, su\u0161en\u00fdm ovocem a vysokou kyselost\u00ed. Pra\u017een\u00e9 v E\u00da . K\u00e1vov\u00e9 zrn\u00e1 z kraj\u00edn mimo E\u00da. Uchov\u00e1vejte na chladn\u00e9m, such\u00e9m m\u00edst\u011b mimo dosah slune\u010dn\u00edho z\u00e1\u0159en\u00ed. Po otev\u0159en\u00ed op\u011bt uzav\u0159ete.<\/p>\t\t\t\t\t\t\t\t<\/div>\n\t\t\t\t<\/div>\n\t\t\t\t<\/div>\n\t\t<div class=\"elementor-element elementor-element-420225a2 e-con-full e-flex e-con e-child\" data-id=\"420225a2\" data-element_type=\"container\" data-e-type=\"container\">\n\t\t\t\t<div class=\"elementor-element elementor-element-3725d91e elementor-widget elementor-widget-text-editor\" data-id=\"3725d91e\" data-element_type=\"widget\" data-e-type=\"widget\" id=\"pinf\" data-widget_type=\"text-editor.default\">\n\t\t\t\t<div class=\"elementor-widget-container\">\n\t\t\t\t\t\t\t\t\t<h3 class=\"\" data-start=\"934\" data-end=\"961\"><strong data-start=\"938\" data-end=\"961\">Informace o produktu<\/strong><\/h3><p class=\"\" data-start=\"963\" data-end=\"1660\"><strong data-start=\"963\" data-end=\"972\">N\u00e1zev:<\/strong> Pra\u017een\u00e1 k\u00e1vov\u00e1 zrna<br data-start=\"993\" data-end=\"996\" \/><strong data-start=\"996\" data-end=\"1012\">Slo\u017een\u00ed:<\/strong> 100 % k\u00e1vov\u00e1 zrna \u2013 100 % Arabica<br data-start=\"1030\" data-end=\"1033\" \/><strong data-start=\"1033\" data-end=\"1047\">Alergeny:<\/strong> \u017d\u00e1dn\u00e9 (Obsahuje kofein)<br data-start=\"1072\" data-end=\"1075\" \/><strong data-start=\"1075\" data-end=\"1092\">\u010cist\u00e9 mno\u017estv\u00ed:<\/strong> 250g \u212e \/ 500g \u212e \/ 1000g \u212e (Viz p\u0159edn\u00ed strana obalu)<br data-start=\"1135\" data-end=\"1138\" \/><strong data-start=\"1138\" data-end=\"1158\">Datum minim\u00e1ln\u00ed trvanlivosti:<\/strong> Viz bo\u010dn\u00ed nebo spodn\u00ed \u010d\u00e1st obalu<br data-start=\"1184\" data-end=\"1187\" \/><strong data-start=\"1187\" data-end=\"1199\">Skladov\u00e1n\u00ed:<\/strong> Skladujte na chladn\u00e9m a such\u00e9m m\u00edst\u011b, mimo p\u0159\u00edm\u00e9 slune\u010dn\u00ed sv\u011btlo. Po otev\u0159en\u00ed znovu uzav\u0159ete.<br data-start=\"1257\" data-end=\"1260\" \/><strong data-start=\"1260\" data-end=\"1270\">Pou\u017eit\u00ed:<\/strong> P\u0159ed p\u0159\u00edpravou namelte. Ide\u00e1ln\u00ed pro espresso, p\u0159ekap\u00e1vanou k\u00e1vu a French press.<br data-start=\"1334\" data-end=\"1337\" \/><strong data-start=\"1337\" data-end=\"1348\" data-is-only-node=\"\">Zem\u011b p\u016fvodu:<\/strong> Arabica z Braz\u00edlie, Excelso, Latinsk\u00e9 Ameriky + indick\u00e1 Robusta. Pra\u017eeno v It\u00e1lii.<br data-start=\"1428\" data-end=\"1431\" \/><strong data-start=\"1431\" data-end=\"1444\">Provozovatel:<\/strong> Napoli \u2013 T\/A Caffe Torelli<br data-start=\"1471\" data-end=\"1474\" \/>Via delle Industrie 35, Napoli (NA) 80147, Italy<br data-start=\"1522\" data-end=\"1525\" \/><strong data-start=\"1525\" data-end=\"1545\">Obsah alkoholu:<\/strong> \u017d\u00e1dn\u00fd<br data-start=\"1550\" data-end=\"1553\" \/><strong data-start=\"1553\" data-end=\"1572\">V\u00fd\u017eivov\u00e9 \u00fadaje:<\/strong> Osvobozeno (na\u0159\u00edzen\u00ed EU \u010d. 1169\/2011, p\u0159\u00edloha V, bod 19)<br data-start=\"1627\" data-end=\"1630\" \/><strong data-start=\"1630\" data-end=\"1644\">\u010c\u00edslo \u0161ar\u017ee \/ k\u00f3du:<\/strong> Viz bo\u010dn\u00ed nebo spodn\u00ed \u010d\u00e1st obalu<\/p><p>\u267b\ufe0f <strong data-start=\"151\" data-end=\"174\">C\/LDPE 90 \u2013 Plast<\/strong><br data-start=\"174\" data-end=\"177\" \/>Vhodn\u00e9 pro styk s potravinami.<br data-start=\"203\" data-end=\"206\" data-is-only-node=\"\" \/><strong data-start=\"206\" data-end=\"269\">T\u0159i\u010fte odpad. \u0158i\u010fte se m\u00edstn\u00edmi pokyny pro recyklaci.<\/strong><\/p>\t\t\t\t\t\t\t\t<\/div>\n\t\t\t\t<\/div>\n\t\t\t\t<\/div>\n\t\t\t\t\t<\/div>\n\t\t\t\t<\/div>\n\t\t<div class=\"elementor-element elementor-element-185df360 e-flex e-con-boxed e-con e-parent\" data-id=\"185df360\" data-element_type=\"container\" data-e-type=\"container\">\n\t\t\t\t\t<div class=\"e-con-inner\">\n\t\t\t\t<div class=\"elementor-element elementor-element-29f7e514 elementor-widget elementor-widget-heading\" data-id=\"29f7e514\" data-element_type=\"widget\" data-e-type=\"widget\" data-widget_type=\"heading.default\">\n\t\t\t\t<div class=\"elementor-widget-container\">\n\t\t\t\t\t<h4 class=\"elementor-heading-title elementor-size-default\">Nyn\u00ed v\u00edte, co d\u011blat: napl\u0148te sv\u016fj \u0161\u00e1lek k\u00e1vy trochu Piacere.<\/h4>\t\t\t\t<\/div>\n\t\t\t\t<\/div>\n\t\t\t\t\t<\/div>\n\t\t\t\t<\/div>\n\t\t<div class=\"elementor-element elementor-element-391b11ac e-flex e-con-boxed e-con e-parent\" data-id=\"391b11ac\" data-element_type=\"container\" data-e-type=\"container\">\n\t\t\t\t\t<div class=\"e-con-inner\">\n\t\t\t\t\t<\/div>\n\t\t\t\t<\/div>\n\t\t\t\t<\/div>","protected":false},"excerpt":{"rendered":"<p>PIACERE COFFEE BEANS 500g \u212e EAN-5060411340381 1000g \u212e EAN-5060411340251 (See front of pack) 100% ARABICA Smooth on the palate. Arabica 100% Strength 6\/10 Distributor: Future Vending Servis s.r.o.,Jeremenkova 763\/88, 140 00 Praha 4, \u010cRKONTACT ABOUT Torelli represents quality without compromise. &hellip; <a class=\"kt-excerpt-readmore more-link\" href=\"https:\/\/torellicoffee.com\/cs\/caffe-vivo\/piacere\/\" aria-label=\"Piacere\">Read More<\/a><\/p>","protected":false},"author":2,"featured_media":2840,"parent":754,"menu_order":0,"comment_status":"closed","ping_status":"closed","template":"","meta":{"footnotes":""},"class_list":["post-2678","page","type-page","status-publish","has-post-thumbnail","hentry"],"_links":{"self":[{"href":"https:\/\/torellicoffee.com\/cs\/wp-json\/wp\/v2\/pages\/2678","targetHints":{"allow":["GET"]}}],"collection":[{"href":"https:\/\/torellicoffee.com\/cs\/wp-json\/wp\/v2\/pages"}],"about":[{"href":"https:\/\/torellicoffee.com\/cs\/wp-json\/wp\/v2\/types\/page"}],"author":[{"embeddable":true,"href":"https:\/\/torellicoffee.com\/cs\/wp-json\/wp\/v2\/users\/2"}],"replies":[{"embeddable":true,"href":"https:\/\/torellicoffee.com\/cs\/wp-json\/wp\/v2\/comments?post=2678"}],"version-history":[{"count":0,"href":"https:\/\/torellicoffee.com\/cs\/wp-json\/wp\/v2\/pages\/2678\/revisions"}],"up":[{"embeddable":true,"href":"https:\/\/torellicoffee.com\/cs\/wp-json\/wp\/v2\/pages\/754"}],"wp:featuredmedia":[{"embeddable":true,"href":"https:\/\/torellicoffee.com\/cs\/wp-json\/wp\/v2\/media\/2840"}],"wp:attachment":[{"href":"https:\/\/torellicoffee.com\/cs\/wp-json\/wp\/v2\/media?parent=2678"}],"curies":[{"name":"wp","href":"https:\/\/api.w.org\/{rel}","templated":true}]}}